{"id":3970,"date":"2019-04-12T14:30:08","date_gmt":"2019-04-12T12:30:08","guid":{"rendered":"https:\/\/www.kamptal.at\/events\/wine-events\/"},"modified":"2021-02-25T19:18:56","modified_gmt":"2021-02-25T18:18:56","slug":"wine-events","status":"publish","type":"page","link":"https:\/\/www.weinkultur-kamptal.at\/en\/events\/wine-events\/","title":{"rendered":"Wine events"},"content":{"rendered":"<section  class='av_textblock_section av-ju0xyt14-2e1b78f305fb8aed9adf84a6dca5799b '   itemscope=\"itemscope\" itemtype=\"https:\/\/schema.org\/CreativeWork\" ><div class='avia_textblock'  itemprop=\"text\" ><p>Die Gelegenheiten, im Kamptal den Wein zu feiern, sind vielf\u00e4ltig. Neben den gro\u00dfen Veranstaltungen wie z. B. dem Weinfr\u00fchling oder dem herbstlichen Genussreigen \u201eKostbares Kamptal\u201c locken Kellergassenfeste zu jenen Orten, wo der Wein wohnt, halten Weintaufen, Hiata- und Erntefeste alte Br\u00e4uche lebendig oder bitten Heurige das ganze Jahr \u00fcber zu geselligem und bodenst\u00e4ndigem Genuss.<\/p>\n<\/div><\/section>\n<div  class='hr av-a007x-b771d7c4ba4bc9de892700357f4de09e hr-default  avia-builder-el-1  el_after_av_textblock  el_before_av_textblock '><span class='hr-inner '><span class=\"hr-inner-style\"><\/span><\/span><\/div>\n<section  class='av_textblock_section av-ju0y1lmu-2d74fb72d84213649bea3c77d191b499 '   itemscope=\"itemscope\" itemtype=\"https:\/\/schema.org\/CreativeWork\" ><div class='avia_textblock'  itemprop=\"text\" ><p><iframe id=\"weinveranstaltungen-iframe\" class=\"vakalender\" style=\"overflow: hidden; height: 988px;\" src=\"https:\/\/kamptal-wein.va.vdbnoe.gugler.at\/?Sort=DATEONLY\" frameborder=\"0\" marginwidth=\"0\" marginheight=\"0\" scrolling=\"no\"><\/iframe><\/p>\n<\/div><\/section>\n","protected":false},"excerpt":{"rendered":"","protected":false},"author":4,"featured_media":0,"parent":3966,"menu_order":2,"comment_status":"closed","ping_status":"closed","template":"","meta":{"_acf_changed":false,"inline_featured_image":false,"footnotes":""},"class_list":["post-3970","page","type-page","status-publish","hentry"],"acf":[],"_links":{"self":[{"href":"https:\/\/www.weinkultur-kamptal.at\/en\/wp-json\/wp\/v2\/pages\/3970","targetHints":{"allow":["GET"]}}],"collection":[{"href":"https:\/\/www.weinkultur-kamptal.at\/en\/wp-json\/wp\/v2\/pages"}],"about":[{"href":"https:\/\/www.weinkultur-kamptal.at\/en\/wp-json\/wp\/v2\/types\/page"}],"author":[{"embeddable":true,"href":"https:\/\/www.weinkultur-kamptal.at\/en\/wp-json\/wp\/v2\/users\/4"}],"replies":[{"embeddable":true,"href":"https:\/\/www.weinkultur-kamptal.at\/en\/wp-json\/wp\/v2\/comments?post=3970"}],"version-history":[{"count":0,"href":"https:\/\/www.weinkultur-kamptal.at\/en\/wp-json\/wp\/v2\/pages\/3970\/revisions"}],"up":[{"embeddable":true,"href":"https:\/\/www.weinkultur-kamptal.at\/en\/wp-json\/wp\/v2\/pages\/3966"}],"wp:attachment":[{"href":"https:\/\/www.weinkultur-kamptal.at\/en\/wp-json\/wp\/v2\/media?parent=3970"}],"curies":[{"name":"wp","href":"https:\/\/api.w.org\/{rel}","templated":true}]}}