{"id":3989,"date":"2019-04-12T14:38:29","date_gmt":"2019-04-12T12:38:29","guid":{"rendered":"https:\/\/www.kamptal.at\/data-protection\/"},"modified":"2021-02-25T19:19:41","modified_gmt":"2021-02-25T18:19:41","slug":"data-protection","status":"publish","type":"page","link":"https:\/\/www.weinkultur-kamptal.at\/en\/data-protection\/","title":{"rendered":"Data protection"},"content":{"rendered":"<section  class='av_textblock_section av-jtkmgt5w-2196b41bed28b6a5a88ef09d5a300f2f '   itemscope=\"itemscope\" itemtype=\"https:\/\/schema.org\/CreativeWork\" ><div class='avia_textblock'  itemprop=\"text\" ><p>Auf diesen Seiten werden keine personalisierten Daten \u00fcber Besucher gespeichert, die \u00fcber den Umfang eines normalen Logfiles hinausgehen. Es werden ausdr\u00fccklich keine Daten an Dritte weitergegeben, aus denen Identit\u00e4ten oder Adressen jedweder Art abgeleitet werden k\u00f6nnen.<\/p>\n<p>DATENSCHUTZERKL\u00c4RUNG F\u00dcR DIE NUTZUNG VON FACEBOOK-PLUGINS<br \/>\nAuf unseren Seiten sind Plugins des sozialen Netzwerks Facebook, Anbieter Facebook Inc., 1 Hacker Way, Menlo Park, California 94025, USA, integriert. Die Facebook-Plugins erkennen Sie an dem Facebook-Logo oder dem \u201eLike-Button\u201c (\u201eGef\u00e4llt mir\u201c) auf unserer Seite. Eine \u00dcbersicht \u00fcber die Facebook-Plugins finden Sie hier: http:\/\/developers.facebook.com\/docs\/plugins\/.<\/p>\n<p>Wenn Sie unsere Seiten besuchen, wird \u00fcber das Plugin eine direkte Verbindung zwischen Ihrem Browser und dem Facebook-Server hergestellt. Facebook erh\u00e4lt dadurch die Information, dass Sie mit Ihrer IP-Adresse unsere Seite besucht haben. Wenn Sie den Facebook \u201eLike-Button\u201c anklicken w\u00e4hrend Sie in Ihrem Facebook-Account eingeloggt sind, k\u00f6nnen Sie die Inhalte unserer Seiten auf Ihrem Facebook-Profil verlinken. Dadurch kann Facebook den Besuch unserer Seiten Ihrem Benutzerkonto zuordnen. Wir weisen darauf hin, dass wir als Anbieter der Seiten keine Kenntnis vom Inhalt der \u00fcbermittelten Daten sowie deren Nutzung durch Facebook erhalten. Weitere Informationen hierzu finden Sie in der Datenschutzerkl\u00e4rung von Facebook unter http:\/\/de-de.facebook.com\/policy.php.<\/p>\n<p>Wenn Sie nicht w\u00fcnschen, dass Facebook den Besuch unserer Seiten Ihrem Facebook- Nutzerkonto zuordnen kann, loggen Sie sich bitte aus Ihrem Facebook-Benutzerkonto aus.<\/p>\n<p>DATENSCHUTZERKL\u00c4RUNG F\u00dcR DIE NUTZUNG VON GOOGLE ANALYTICS<br \/>\nDiese Website nutzt Funktionen des Webanalysedienstes Google Analytics. Anbieter ist die Google Inc. 1600 Amphitheatre Parkway Mountain View, CA 94043, USA. Google Analytics verwendet sog. \u201eCookies\u201c. Das sind Textdateien, die auf Ihrem Computer gespeichert werden und die eine Analyse der Benutzung der Website durch Sie erm\u00f6glichen. Die durch den Cookie erzeugten Informationen \u00fcber Ihre Benutzung dieser Website werden in der Regel an einen Server von Google in den USA \u00fcbertragen und dort gespeichert.<\/p>\n<p>Im Falle der Aktivierung der IP-Anonymisierung auf dieser Webseite wird Ihre IP-Adresse von Google jedoch innerhalb von Mitgliedstaaten der Europ\u00e4ischen Union oder in anderen Vertragsstaaten des Abkommens \u00fcber den Europ\u00e4ischen Wirtschaftsraum zuvor gek\u00fcrzt. Nur in Ausnahmef\u00e4llen wird die volle IP-Adresse an einen Server von Google in den USA \u00fcbertragen und dort gek\u00fcrzt. Im Auftrag des Betreibers dieser Website wird Google diese Informationen benutzen, um Ihre Nutzung der Website auszuwerten, um Reports \u00fcber die Websiteaktivit\u00e4ten zusammenzustellen und um weitere mit der Websitenutzung und der Internetnutzung verbundene Dienstleistungen gegen\u00fcber dem Websitebetreiber zu erbringen. Die im Rahmen von Google Analytics von Ihrem Browser \u00fcbermittelte IP-Adresse wird nicht mit anderen Daten von Google zusammengef\u00fchrt.<\/p>\n<p>Sie k\u00f6nnen die Speicherung der Cookies durch eine entsprechende Einstellung Ihrer Browser-Software verhindern; wir weisen Sie jedoch darauf hin, dass Sie in diesem Fall gegebenenfalls nicht s\u00e4mtliche Funktionen dieser Website vollumf\u00e4nglich werden nutzen k\u00f6nnen. Sie k\u00f6nnen dar\u00fcber hinaus die Erfassung der durch das Cookie erzeugten und auf Ihre Nutzung der Website bezogenen Daten (inkl. Ihrer IP-Adresse) an Google sowie die Verarbeitung dieser Daten durch Google verhindern, indem sie das unter dem folgenden Link verf\u00fcgbare Browser-Plugin herunterladen und installieren: http:\/\/tools.google.com\/dlpage\/gaoptout?hl=de<br \/>\nAlternativ dazu k\u00f6nnen Sie nur f\u00fcr diese Website die Erfassung Ihrer Nutzungsdaten durch Google Analytics deaktivieren:<br \/>\n<div data-disabled_by_browser=\"Please enable this feature in your browser settings and reload the page.\" class=\"av-switch-aviaPrivacyGoogleTrackingDisabled av-toggle-switch av-cookie-disable-external-toggle av-cookie-save-unchecked av-cookie-default-checked av-cookie-sc-disabled\"><label><input type=\"checkbox\" checked=\"checked\" id=\"aviaPrivacyGoogleTrackingDisabled\" class=\"aviaPrivacyGoogleTrackingDisabled \" name=\"aviaPrivacyGoogleTrackingDisabled\" disabled=\"disabled\"><span class=\"toggle-track\"><\/span><span class=\"toggle-label-content\">Click to enable\/disable Google Analytics tracking.<\/span><\/label><p><strong>Please enable cookie consent messages in backend to use this feature.<\/strong><\/p><\/div><\/p>\n<p>DATENSCHUTZERKL\u00c4RUNG F\u00dcR DIE NUTZUNG VON COOKIES<br \/>\nDer Anbieter setzt im Rahmen seines Onlineangebotes \u201eCookies\u201c ein. Cookies sind kleine Dateien, die auf dem Computer der Nutzer abgelegt werden und Informationen f\u00fcr Anbieter speichern k\u00f6nnen. Tempor\u00e4re Cookies werden nach dem Schlie\u00dfen des Browsers gel\u00f6scht, permanente Cookies bleiben f\u00fcr einen vorgegebenen Zeitraum erhalten und k\u00f6nnen beim erneuten Aufruf des Onlineangebotes die gespeicherten Informationen zur Verf\u00fcgung stellen.<br \/>\nCookies werden zum einen eingesetzt um die Nutzung des Dienstes zu erleichtern.<br \/>\nDer Nutzer kann auf den Einsatz der Cookies Einfluss nehmen. Die meisten Browser verf\u00fcgen eine Option mit der das Speichern von Cookies eingeschr\u00e4nkt oder komplett verhindert wird. Anbieter bem\u00fcht sich das Onlineangebot so zu gestalten, dass der Einsatz von Cookies nicht notwendig ist. Allerdings wird darauf hingewiesen, dass die Nutzung und insbesondere der Nutzungskomfort ohne Cookies eingeschr\u00e4nkt werden.<\/p>\n<p>INFORMATIONSVERSAND PER NEWSLETTER<br \/>\nE-Mails mit werblichen Informationen \u00fcber den Anbieter sowie dessen Leistungen werden nur mit einer ausdr\u00fccklichen Einwilligung der Nutzer versendet. Die Nutzer k\u00f6nnen dem Empfang der Newsletter jederzeit widersprechen. Eine Widerspruchsm\u00f6glichkeit findet sich u.a. in jeder E-Mail.<br \/>\nVor dem Versand des Newsletters geht dem E-Mail-Inhaber eine Best\u00e4tigungsemail zu, in welcher er die Newsletteranmeldung best\u00e4tigen muss. Nicht best\u00e4tigte Anmeldungen werden automatisch sp\u00e4testens innerhalb von vier Wochen gel\u00f6scht.<br \/>\nNicht zu werblichen Informationen geh\u00f6ren Nachrichten im Rahmen der Vertragsbeziehung mit dem Nutzer. Dazu geh\u00f6rt der Versand von technischen Informationen, Informationen zur Zahlungsabwicklung, R\u00fcckfragen zu Auftr\u00e4gen und vergleichbare Nachrichten.<br \/>\nDie Nutzer k\u00f6nnen nachtr\u00e4glich die Austragung aus der Benachrichtigungsliste per E-Mail an die oben angegebenen Kontaktm\u00f6glichkeiten beantragen.<br \/>\nIm Rahmen der Anmeldung speichert der Anbieter den Anmelde- sowie den Best\u00e4tigungszeitpunkt und die IP-Adresse des Nutzers. Der Anbieter ist gesetzlich verpflichtet die Anmeldungen zu protokollieren, um eine ordnungsgem\u00e4\u00dfe Anmeldung nachweisen zu k\u00f6nnen.<\/p>\n<p>DATENSCHUTZERKL\u00c4RUNG F\u00dcR DIE NUTZUNG DES FLICKR FOTOACCOUNTS:<br \/>\nSie finden die Richtlinien f\u00fcr die optionale Nutzung unseres Flickr-Fotoaccounts hier: <a href=\"https:\/\/www.flickr.com\/help\/guidelines\" target=\"_blank\" rel=\"noopener noreferrer\">https:\/\/www.flickr.com\/help\/guidelines<\/a><\/p>\n<\/div><\/section>\n","protected":false},"excerpt":{"rendered":"","protected":false},"author":4,"featured_media":0,"parent":0,"menu_order":102,"comment_status":"closed","ping_status":"closed","template":"","meta":{"_acf_changed":false,"inline_featured_image":false,"footnotes":""},"class_list":["post-3989","page","type-page","status-publish","hentry"],"acf":[],"_links":{"self":[{"href":"https:\/\/www.weinkultur-kamptal.at\/en\/wp-json\/wp\/v2\/pages\/3989","targetHints":{"allow":["GET"]}}],"collection":[{"href":"https:\/\/www.weinkultur-kamptal.at\/en\/wp-json\/wp\/v2\/pages"}],"about":[{"href":"https:\/\/www.weinkultur-kamptal.at\/en\/wp-json\/wp\/v2\/types\/page"}],"author":[{"embeddable":true,"href":"https:\/\/www.weinkultur-kamptal.at\/en\/wp-json\/wp\/v2\/users\/4"}],"replies":[{"embeddable":true,"href":"https:\/\/www.weinkultur-kamptal.at\/en\/wp-json\/wp\/v2\/comments?post=3989"}],"version-history":[{"count":0,"href":"https:\/\/www.weinkultur-kamptal.at\/en\/wp-json\/wp\/v2\/pages\/3989\/revisions"}],"wp:attachment":[{"href":"https:\/\/www.weinkultur-kamptal.at\/en\/wp-json\/wp\/v2\/media?parent=3989"}],"curies":[{"name":"wp","href":"https:\/\/api.w.org\/{rel}","templated":true}]}}